{"id":9498,"date":"2024-03-07T17:53:12","date_gmt":"2024-03-07T16:53:12","guid":{"rendered":"https:\/\/bonego.cz\/en\/?page_id=9498"},"modified":"2024-03-12T00:53:44","modified_gmt":"2024-03-11T23:53:44","slug":"advantages-of-using","status":"publish","type":"page","link":"https:\/\/bonego.cz\/en\/advantages-of-using\/","title":{"rendered":"Advantages of using"},"content":{"rendered":"<div class=\"wpb-content-wrapper\"><p>[vc_row woodmart_bg_position=&#8220;center-top&#8220; mobile_bg_img_hidden=&#8220;no&#8220; tablet_bg_img_hidden=&#8220;no&#8220; woodmart_parallax=&#8220;0&#8243; woodmart_gradient_switch=&#8220;no&#8220; row_reverse_mobile=&#8220;1&#8243; row_reverse_tablet=&#8220;1&#8243; woodmart_disable_overflow=&#8220;0&#8243; wd_z_index=&#8220;no&#8220; woodmart_css_id=&#8220;65ec9db5b8c4a&#8220; responsive_spacing=&#8220;eyJwYXJhbV90eXBlIjoid29vZG1hcnRfcmVzcG9uc2l2ZV9zcGFjaW5nIiwic2VsZWN0b3JfaWQiOiI2NWVjOWRiNWI4YzRhIiwic2hvcnRjb2RlIjoidmNfcm93IiwiZGF0YSI6eyJ0YWJsZXQiOnt9LCJtb2JpbGUiOnsibWFyZ2luLWJvdHRvbSI6IjIwcHgifX19&#8243; woodmart_box_shadow=&#8220;no&#8220; css=&#8220;.vc_custom_1710005691493{padding-top: 3vh !important;padding-bottom: 7vh !important;background-image: url(https:\/\/bonego.cz\/en\/wp-content\/uploads\/2024\/03\/w-repair-lines-2.svg?id=9516) !important;background-position: center !important;background-repeat: no-repeat !important;background-size: contain !important;}&#8220;][vc_column css=&#8220;.vc_custom_1709831381511{margin-bottom: 40px !important;padding-top: 0px !important;}&#8220; mobile_bg_img_hidden=&#8220;no&#8220; tablet_bg_img_hidden=&#8220;no&#8220; woodmart_parallax=&#8220;0&#8243; woodmart_sticky_column=&#8220;false&#8220; parallax_scroll=&#8220;no&#8220; mobile_reset_margin=&#8220;no&#8220; tablet_reset_margin=&#8220;no&#8220; wd_z_index=&#8220;no&#8220; woodmart_css_id=&#8220;65e9f4c8ccd42&#8243; responsive_spacing=&#8220;eyJwYXJhbV90eXBlIjoid29vZG1hcnRfcmVzcG9uc2l2ZV9zcGFjaW5nIiwic2VsZWN0b3JfaWQiOiI2NWU5ZjRjOGNjZDQyIiwic2hvcnRjb2RlIjoidmNfY29sdW1uIiwiZGF0YSI6eyJ0YWJsZXQiOnt9LCJtb2JpbGUiOnt9fX0=&#8220; wd_collapsible_content_switcher=&#8220;no&#8220; wd_column_role_offcanvas_desktop=&#8220;no&#8220; wd_column_role_offcanvas_tablet=&#8220;no&#8220; wd_column_role_offcanvas_mobile=&#8220;no&#8220; wd_column_role_content_desktop=&#8220;no&#8220; wd_column_role_content_tablet=&#8220;no&#8220; wd_column_role_content_mobile=&#8220;no&#8220; woodmart_box_shadow=&#8220;no&#8220;]\t\t<div id=\"wd-65e9f4e2e2a51\" class=\"wd-image wd-wpb wd-rs-65e9f4e2e2a51 text-left vc_custom_1709831407844\">\n\t\t\t\n\t\t\t<img loading=\"lazy\" decoding=\"async\" width=\"640\" height=\"240\" src=\"https:\/\/bonego.cz\/en\/wp-content\/uploads\/2024\/03\/rizolin-actual-infrared_1.jpg\" class=\"attachment-full size-full\" alt=\"\" srcset=\"https:\/\/bonego.cz\/en\/wp-content\/uploads\/2024\/03\/rizolin-actual-infrared_1.jpg 640w, https:\/\/bonego.cz\/en\/wp-content\/uploads\/2024\/03\/rizolin-actual-infrared_1-400x150.jpg 400w\" sizes=\"auto, (max-width: 640px) 100vw, 640px\" \/>\n\t\t\t\t\t<\/div>\n\t\t[\/vc_column][vc_column css=&#8220;.vc_custom_1709831420700{margin-bottom: 40px !important;padding-top: 0px !important;}&#8220; mobile_bg_img_hidden=&#8220;no&#8220; tablet_bg_img_hidden=&#8220;no&#8220; woodmart_parallax=&#8220;0&#8243; woodmart_sticky_column=&#8220;false&#8220; parallax_scroll=&#8220;no&#8220; mobile_reset_margin=&#8220;no&#8220; tablet_reset_margin=&#8220;no&#8220; wd_z_index=&#8220;no&#8220; woodmart_css_id=&#8220;65e9f4f5460dd&#8220; responsive_spacing=&#8220;eyJwYXJhbV90eXBlIjoid29vZG1hcnRfcmVzcG9uc2l2ZV9zcGFjaW5nIiwic2VsZWN0b3JfaWQiOiI2NWU5ZjRmNTQ2MGRkIiwic2hvcnRjb2RlIjoidmNfY29sdW1uIiwiZGF0YSI6eyJ0YWJsZXQiOnt9LCJtb2JpbGUiOnsicGFkZGluZy10b3AiOiIwcHgifX19&#8243; wd_collapsible_content_switcher=&#8220;no&#8220; wd_column_role_offcanvas_desktop=&#8220;no&#8220; wd_column_role_offcanvas_tablet=&#8220;no&#8220; wd_column_role_offcanvas_mobile=&#8220;no&#8220; wd_column_role_content_desktop=&#8220;no&#8220; wd_column_role_content_tablet=&#8220;no&#8220; wd_column_role_content_mobile=&#8220;no&#8220; woodmart_box_shadow=&#8220;no&#8220;]\t\t\t<link rel=\"stylesheet\" id=\"wd-text-block-css\" href=\"https:\/\/bonego.cz\/en\/wp-content\/themes\/woodmart\/css\/parts\/el-text-block.min.css?ver=7.4.3\" type=\"text\/css\" media=\"all\" \/> \t\t\t\t\t<div id=\"wd-65ef97fc3c5e4\" class=\"wd-text-block wd-wpb reset-last-child wd-rs-65ef97fc3c5e4 text-left wd-fontsize-custom vc_custom_1710201221935\">\n\t\t\t<ol>\n<li><strong>PROTOCOL ON CLASSIFICATION OF THE REACTION TO FIRE<\/strong><\/li>\n<\/ol>\n<p>Class of reaction to fire \u2013 E<\/p>\n<p>PAVUS , a.s. Po\u017e\u00e1rn\u00ed zku\u0161ebna<\/p>\n<p>Czech version <span style=\"color: #024e9d;\"><a style=\"color: #024e9d;\" href=\"https:\/\/bonego.cz\/en\/wp-content\/uploads\/2024\/03\/PROTOKOL_o_klasifikaci_reakce-_na_ohen_RIZOLIN.pdf\">PROTOKOL_o_klasifikaci_reakce _na_ohen_RIZOLIN<\/a><\/span><\/p>\n<p>&nbsp;<\/p>\n<ol start=\"2\">\n<li><strong>CLASSIFICATION REPORT ON ROOFS EXPOSED TO EXTERNAL FIRE <\/strong><\/li>\n<\/ol>\n<p><strong>BROOF (T1)<\/strong><\/p>\n<p>PAVUS , a.s. Po\u017e\u00e1rn\u00ed zku\u0161ebna<\/p>\n<p>English version <span style=\"color: #024e9d;\"><a style=\"color: #024e9d;\" href=\"http:\/\/bonego.cz\/pdf\/PROTOKOL_T1_ENGL.pdf\" target=\"_blank\" rel=\"noopener\">http:\/\/bonego.cz\/pdf\/PROTOKOL_T1_ENGL.pdf<\/a><\/span><\/p>\n<p>Deutsche Version \u00a0<span style=\"color: #024e9d;\"><a style=\"color: #024e9d;\" href=\"http:\/\/bonego.cz\/pdf\/PROTOKOL_T1_GR.pdf\" target=\"_blank\" rel=\"noopener\">http:\/\/bonego.cz\/pdf\/PROTOKOL_T1_GR.pdf<\/a><\/span><\/p>\n<p>&nbsp;<\/p>\n<ol start=\"3\">\n<li><strong>CLASSIFICATION REPORT ON ROOFS EXPOSED TO EXTERNAL FIRE<\/strong><\/li>\n<\/ol>\n<p><strong>BROOF (T3)<\/strong><\/p>\n<p>PAVUS , a.s. Po\u017e\u00e1rn\u00ed zku\u0161ebna<\/p>\n<p>English version<\/p>\n<p><span style=\"color: #024e9d;\"><a style=\"color: #024e9d;\" href=\"http:\/\/bonego.cz\/pdf\/PROTOKOL_T3_ENGL.pdf\" target=\"_blank\" rel=\"noopener\">http:\/\/bonego.cz\/pdf\/PROTOKOL_T3_ENGL.pdf<\/a><\/span><\/p>\n<p>Deutsche Version<\/p>\n<p><span style=\"color: #024e9d;\"><a style=\"color: #024e9d;\" href=\"http:\/\/bonego.cz\/pdf\/PROTOKOL_T3_GR.pdf\" target=\"_blank\" rel=\"noopener\">http:\/\/bonego.cz\/pdf\/PROTOKOL_T3_GR.pdf<\/a><\/span><\/p>\n<p>&nbsp;<\/p>\n<ol start=\"4\">\n<li><strong>Radon diffusion coefficient in the waterproofing material RIZOLIN<\/strong><\/li>\n<\/ol>\n<p>\u010cESK\u00c9 VYSOK\u00c9 U\u010cEN\u00cd TECHNICK\u00c9 V PRAZE<\/p>\n<p>\/ <em>original.<\/em> V souladu s\u00a0\u010cSN 73 0601 \u201cOchrana staveb proti radonu z podlo\u017e\u00ed\u201d<\/p>\n<p>Czech version\u00a0\u00a0<span style=\"color: #024e9d;\"><a style=\"color: #024e9d;\" href=\"https:\/\/bonego.cz\/en\/wp-content\/uploads\/2024\/03\/PROTOKOL-RADON-1.pdf\" target=\"_blank\" rel=\"noopener\">PROTOKOL-RADON-1<\/a><\/span><\/p>\n<p>&nbsp;<\/p>\n<ol start=\"5\">\n<li><strong>Comparative characteristics of the surface temperature of the roof of waterproofing coatings<\/strong><\/li>\n<\/ol>\n<p>Technick\u00fd a zku\u0161ebn\u00ed \u00fastav stavebn\u00ed PRAHA , s.p.<\/p>\n<p><strong>Results<\/strong>:<\/p>\n<p><strong>RIZOLIN surface temperature <\/strong>\u00a0= <strong>34,5 C<\/strong><strong>\u00b0<\/strong><\/p>\n<p><strong>Membrane<\/strong>\u00a0 = <strong>81,5 C<\/strong><strong>\u00b0<\/strong><\/p>\n<p><strong>Asphalt Insulating Belt<\/strong>\u00a0= <strong>89,5 C<\/strong><strong>\u00b0<\/strong><\/p>\n<p><strong>Samples were subjected to simultaneous heating of identical heat source\u00a0<\/strong><\/p>\n<p>Czech version\u00a0\u00a0 <span style=\"color: #024e9d;\"><a style=\"color: #024e9d;\" href=\"http:\/\/bonego.cz\/pdf\/1.pdf\" target=\"_blank\" rel=\"noopener\">http:\/\/bonego.cz\/pdf\/1.pdf<\/a><\/span><\/p>\n<p>&nbsp;<\/p>\n<ol start=\"6\">\n<li><strong>Determining the solar properties of the material RIZOLIN\u00a0<\/strong><\/li>\n<\/ol>\n<p>IKATES s.r.o. Zku\u0161ebna skla a stavebn\u00edch v\u00fdrobku<\/p>\n<p><strong>Results<\/strong>:<\/p>\n<p><strong>Coefficient of reflection of UV &#8211;<\/strong>\u00a0\u00a0<strong>0,861-0,862<\/strong><\/p>\n<p><strong>Coefficient of light reflection <\/strong>&#8211;\u00a0 <strong>0,894<\/strong><\/p>\n<p><strong>Coefficient\u00a0 of Direct radiation reflection<\/strong>\u00a0<b>&#8211;<\/b>\u00a0\u00a0<strong>0,886<\/strong><\/p>\n<p>Czech version\u00a0\u00a0\u00a0 <span style=\"color: #024e9d;\"><a style=\"color: #024e9d;\" href=\"http:\/\/bonego.cz\/pdf\/2.pdf\" target=\"_blank\" rel=\"noopener\">http:\/\/bonego.cz\/pdf\/2.pdf<\/a><\/span><\/p>\n<p>&nbsp;<\/p>\n<ol start=\"7\">\n<li><strong>Evaluation of the reduction in energy intensity, and the surface temperature of the roof structure when using the material RIZOLIN<\/strong><\/li>\n<\/ol>\n<p>Doc. Ing. Milo\u0161 Kalousek, Ph.D. soudn\u00ed znalec<\/p>\n<p><strong>Information on the object (4400 m2) was processed in the software for thermal and energy calculations, resulting in energy savings during cooling of the building by covering the roof with RIZOLIN material of 19.1 MWh \/ year, that is (85,950 CZK)\/<\/strong><\/p>\n<p>Czech version\u00a0\u00a0\u00a0 <span style=\"color: #024e9d;\"><a style=\"color: #024e9d;\" href=\"http:\/\/bonego.cz\/pdf\/3.pdf\" target=\"_blank\" rel=\"noopener\">http:\/\/bonego.cz\/pdf\/3.pdf<\/a><\/span><\/p>\n\t\t<\/div>\n\t\t[\/vc_column][\/vc_row]<\/p>\n<\/div>","protected":false},"excerpt":{"rendered":"<p>[vc_row woodmart_bg_position=&#8220;center-top&#8220; mobile_bg_img_hidden=&#8220;no&#8220; tablet_bg_img_hidden=&#8220;no&#8220; woodmart_parallax=&#8220;0&#8243; woodmart_gradient_switch=&#8220;no&#8220; row_reverse_mobile=&#8220;1&#8243; row_reverse_tablet=&#8220;1&#8243; woodmart_disable_overflow=&#8220;0&#8243; wd_z_index=&#8220;no&#8220; woodmart_css_id=&#8220;65ec9db5b8c4a&#8220; responsive_spacing=&#8220;eyJwYXJhbV90eXBlIjoid29vZG1hcnRfcmVzcG9uc2l2ZV9zcGFjaW5nIiwic2VsZWN0b3JfaWQiOiI2NWVjOWRiNWI4YzRhIiwic2hvcnRjb2RlIjoidmNfcm93IiwiZGF0YSI6eyJ0YWJsZXQiOnt9LCJtb2JpbGUiOnsibWFyZ2luLWJvdHRvbSI6IjIwcHgifX19&#8243; woodmart_box_shadow=&#8220;no&#8220; css=&#8220;.vc_custom_1710005691493{padding-top: 3vh !important;padding-bottom: 7vh !important;background-image: url(https:\/\/bonego.cz\/en\/wp-content\/uploads\/2024\/03\/w-repair-lines-2.svg?id=9516) !important;background-position:<\/p>\n","protected":false},"author":1,"featured_media":0,"parent":0,"menu_order":0,"comment_status":"closed","ping_status":"closed","template":"","meta":{"footnotes":""},"class_list":["post-9498","page","type-page","status-publish","hentry"],"_links":{"self":[{"href":"https:\/\/bonego.cz\/en\/wp-json\/wp\/v2\/pages\/9498","targetHints":{"allow":["GET"]}}],"collection":[{"href":"https:\/\/bonego.cz\/en\/wp-json\/wp\/v2\/pages"}],"about":[{"href":"https:\/\/bonego.cz\/en\/wp-json\/wp\/v2\/types\/page"}],"author":[{"embeddable":true,"href":"https:\/\/bonego.cz\/en\/wp-json\/wp\/v2\/users\/1"}],"replies":[{"embeddable":true,"href":"https:\/\/bonego.cz\/en\/wp-json\/wp\/v2\/comments?post=9498"}],"version-history":[{"count":16,"href":"https:\/\/bonego.cz\/en\/wp-json\/wp\/v2\/pages\/9498\/revisions"}],"predecessor-version":[{"id":9810,"href":"https:\/\/bonego.cz\/en\/wp-json\/wp\/v2\/pages\/9498\/revisions\/9810"}],"wp:attachment":[{"href":"https:\/\/bonego.cz\/en\/wp-json\/wp\/v2\/media?parent=9498"}],"curies":[{"name":"wp","href":"https:\/\/api.w.org\/{rel}","templated":true}]}}